{"id":2670,"date":"2025-03-04T09:13:28","date_gmt":"2025-03-04T08:13:28","guid":{"rendered":"https:\/\/lemouvement.io\/?page_id=2670"},"modified":"2025-03-04T11:26:45","modified_gmt":"2025-03-04T10:26:45","slug":"mentions-legales","status":"publish","type":"page","link":"https:\/\/lemouvement.io\/index.php\/mentions-legales\/","title":{"rendered":"Mentions l\u00e9gales"},"content":{"rendered":"\t\t<div data-elementor-type=\"wp-page\" data-elementor-id=\"2670\" class=\"elementor elementor-2670\" data-elementor-post-type=\"page\">\n\t\t\t\t<div class=\"elementor-element elementor-element-dcc10a9 e-flex e-con-boxed e-con e-parent\" data-id=\"dcc10a9\" data-element_type=\"container\">\n\t\t\t\t\t<div class=\"e-con-inner\">\n\t\t\t\t<div class=\"elementor-element elementor-element-24b00dd elementor-widget elementor-widget-heading\" data-id=\"24b00dd\" data-element_type=\"widget\" data-widget_type=\"heading.default\">\n\t\t\t\t<div class=\"elementor-widget-container\">\n\t\t\t\t\t<h2 class=\"elementor-heading-title elementor-size-default\">Mentions L\u00e9gales<\/h2>\t\t\t\t<\/div>\n\t\t\t\t<\/div>\n\t\t\t\t<div class=\"elementor-element elementor-element-58e9c04 elementor-widget elementor-widget-text-editor\" data-id=\"58e9c04\" data-element_type=\"widget\" data-widget_type=\"text-editor.default\">\n\t\t\t\t<div class=\"elementor-widget-container\">\n\t\t\t\t\t\t\t\t\t<p><strong>Mentions L\u00e9gales<\/strong><\/p><p><strong>1. \u00c9diteur du site<\/strong><\/p><p>Le site <strong>lemouvement.io<\/strong> est \u00e9dit\u00e9 par :<\/p><div><strong>Symmetric Consulting\u00a0<\/strong><\/div><div>\u00a0<\/div><div><strong>Statut juridique<\/strong> : SAS<br \/><strong>Si\u00e8ge social<\/strong> :<div>7 place Renaud et Barrault 75015\u00a0<\/div><div>RCS de Paris\u00a0<\/div><div>851 155 143 00023\u00a0<\/div><br \/><strong>Directeur de la publication<\/strong><div>Yoni chekroun\u00a0<\/div><strong>Contact<\/strong> : <a href=\"mailto:Yoni.chekroun@symmetricc.com\" target=\"_blank\" rel=\"noopener\">Yoni.chekroun@symmetricc.com<\/a>\u00a0<\/div><div>\u00a0<\/div><p><strong>2. H\u00e9bergeur<\/strong> Le site est h\u00e9berg\u00e9 par :<br \/><strong>OVH<\/strong><br \/><strong>Si\u00e8ge social<\/strong> : 2 rue Kellermann, 59100 Roubaix, France<br \/><strong>SIRET<\/strong> : 424 761 419 00045<br \/><strong>Contact<\/strong> : <a href=\"https:\/\/www.ovh.com\/fr\/support\/\">https:\/\/www.ovh.com\/fr\/support\/<\/a><\/p><p><strong>3. Propri\u00e9t\u00e9 intellectuelle<\/strong> Tous les contenus pr\u00e9sents sur le site <strong>lemouvement.io<\/strong> (textes, images, graphismes, logos, vid\u00e9os, ic\u00f4nes, etc.) sont la propri\u00e9t\u00e9 exclusive de <strong>[Nom de l&#8217;entreprise ou du responsable]<\/strong>, sauf mention contraire. Toute reproduction, distribution, modification ou utilisation sans autorisation expresse est interdite.<\/p><p><strong>4. Protection des donn\u00e9es personnelles<\/strong> Conform\u00e9ment au R\u00e8glement G\u00e9n\u00e9ral sur la Protection des Donn\u00e9es (RGPD), les informations collect\u00e9es via le site <strong>lemouvement.io<\/strong> sont destin\u00e9es \u00e0 [Nom de l&#8217;entreprise] et ne sont en aucun cas revendues \u00e0 des tiers.<\/p><p>Vous disposez d&#8217;un droit d&#8217;acc\u00e8s, de rectification et de suppression de vos donn\u00e9es personnelles en envoyant une demande \u00e0 [Email de contact].<\/p><p><strong>5. Responsabilit\u00e9<\/strong> L&#8217;\u00e9diteur du site s&#8217;efforce d&#8217;assurer l&#8217;exactitude des informations publi\u00e9es sur <strong>lemouvement.io<\/strong>, mais ne peut \u00eatre tenu responsable des erreurs, omissions ou des dommages r\u00e9sultant de l&#8217;utilisation du site.<\/p><p><strong>6. Cookies<\/strong> Le site <strong>lemouvement.io<\/strong> peut utiliser des cookies pour am\u00e9liorer l&#8217;exp\u00e9rience utilisateur. Vous pouvez configurer votre navigateur pour bloquer ou supprimer les cookies.<\/p><p><strong>7. Droit applicable<\/strong> Les pr\u00e9sentes mentions l\u00e9gales sont soumises au droit fran\u00e7ais. En cas de litige, les tribunaux comp\u00e9tents seront ceux du ressort du si\u00e8ge social de l&#8217;\u00e9diteur du site. donn\u00e9es exactes avant publication.<\/p>\t\t\t\t\t\t\t\t<\/div>\n\t\t\t\t<\/div>\n\t\t\t\t\t<\/div>\n\t\t\t\t<\/div>\n\t\t\t\t<\/div>\n\t\t","protected":false},"excerpt":{"rendered":"<p>Mentions L\u00e9gales Mentions L\u00e9gales 1. \u00c9diteur du site Le site lemouvement.io est \u00e9dit\u00e9 par : Symmetric Consulting\u00a0\u00a0Statut juridique : SASSi\u00e8ge social :7 place Renaud et Barrault 75015\u00a0RCS de Paris\u00a0851 155 143 00023\u00a0Directeur de la publicationYoni chekroun\u00a0Contact : Yoni.chekroun@symmetricc.com\u00a0\u00a0 2. H\u00e9bergeur Le site est h\u00e9berg\u00e9 par :OVHSi\u00e8ge social : 2 rue Kellermann, 59100 Roubaix, FranceSIRET : [&hellip;]<\/p>\n","protected":false},"author":1,"featured_media":0,"parent":0,"menu_order":0,"comment_status":"closed","ping_status":"closed","template":"","meta":{"footnotes":""},"class_list":["post-2670","page","type-page","status-publish","hentry"],"_links":{"self":[{"href":"https:\/\/lemouvement.io\/index.php\/wp-json\/wp\/v2\/pages\/2670","targetHints":{"allow":["GET"]}}],"collection":[{"href":"https:\/\/lemouvement.io\/index.php\/wp-json\/wp\/v2\/pages"}],"about":[{"href":"https:\/\/lemouvement.io\/index.php\/wp-json\/wp\/v2\/types\/page"}],"author":[{"embeddable":true,"href":"https:\/\/lemouvement.io\/index.php\/wp-json\/wp\/v2\/users\/1"}],"replies":[{"embeddable":true,"href":"https:\/\/lemouvement.io\/index.php\/wp-json\/wp\/v2\/comments?post=2670"}],"version-history":[{"count":13,"href":"https:\/\/lemouvement.io\/index.php\/wp-json\/wp\/v2\/pages\/2670\/revisions"}],"predecessor-version":[{"id":2697,"href":"https:\/\/lemouvement.io\/index.php\/wp-json\/wp\/v2\/pages\/2670\/revisions\/2697"}],"wp:attachment":[{"href":"https:\/\/lemouvement.io\/index.php\/wp-json\/wp\/v2\/media?parent=2670"}],"curies":[{"name":"wp","href":"https:\/\/api.w.org\/{rel}","templated":true}]}}